{"id":448,"date":"2024-07-08T18:25:25","date_gmt":"2024-07-08T18:25:25","guid":{"rendered":"https:\/\/natashaestanga.art\/contacto\/"},"modified":"2026-02-10T10:55:34","modified_gmt":"2026-02-10T10:55:34","slug":"contacto","status":"publish","type":"page","link":"https:\/\/natestanga.com\/fr\/contacto\/","title":{"rendered":"Contacto"},"content":{"rendered":"<section class=\"header_14_2 background-1-dark\" id=\"\" data-block-id=\"69d2fded94c0469d2fded94c05\" data-block-name=\"acf\/header-14-2\" data-post-id=\"448\" data-stable-id=\"block_2f0954e5d11f363d3a24f71dd031c5c8\">\r\n    <div class=\"container\">\r\n        <div class=\"row\">\r\n            <div class=\"col col-top\" data-aos=\"fade-up\">\r\n                                                <h1 class=\"tamano2 color-2-headings-light\">Contacto<\/h1>\r\n                                \r\n                <div class=\"enlaces\">\r\n                    \r\n                                    <\/div>\r\n            <\/div>\r\n        <\/div>\r\n    <\/div>\r\n            <div class=\"imagen\" data-aos=\"zoom-in\" style=\"background-image:url('https:\/\/natestanga.com\/wp-content\/uploads\/2024\/07\/home500-16-6.jpg');\"\r\n            aria-label=\"Imagen de ejemplo sobre arte contempor\u00e1neo\"><\/div>\r\n    <\/section>\r\n<style>\r\n    .header_14_2 .texto * {\r\n        font-size: inherit;\r\n        font-weight: inherit;\r\n        line-height: inherit;\r\n        letter-spacing: inherit;\r\n        font-family: inherit;\r\n        color: inherit;\r\n    }\r\n\r\n    .header_14_2 .btn-round {\r\n        border-radius: 60px;\r\n        padding: 12px 25px;\r\n        display: inline-block;\r\n        min-width: 175px;\r\n        text-align: center;\r\n        text-decoration: none;\r\n    }\r\n\r\n    .header_14_2 .btn-round.secundario {\r\n        background-color: var(--color-boton-3-hover);\r\n        color: var(--color-boton-3-texto-hover);\r\n    }\r\n\r\n    .header_14_2 .btn-round.secundario:hover {\r\n        background-color: var(--color-boton-3-normal);\r\n        color: var(--color-boton-3-texto-normal);\r\n    }\r\n\r\n    .header_14_2 .subtitulo {\r\n        padding-bottom: 22px;\r\n    }\r\n\r\n    .header_14_2 .col-top h1 {\r\n        padding-bottom: 22px;\r\n    }\r\n\r\n    .header_14_2 .col-top {\r\n        max-width: 1230px;\r\n        margin: 0 auto;\r\n        text-align: center;\r\n    }\r\n\r\n    .header_14_2 .imagen {\r\n        height: 500px;\r\n        background-position: center;\r\n        background-repeat: no-repeat;\r\n        background-size: cover;\r\n    }\r\n\r\n    .header_14_2 .enlaces {\r\n        display: inline-flex;\r\n        gap: 25px;\r\n        flex-wrap: wrap;\r\n        margin-top: 35px;\r\n        justify-content: center;\r\n    }\r\n\r\n    .header_14_2 .col-top {\r\n        padding: 200px 0 100px 0;\r\n        min-height: calc(100vH - 500px);\r\n    }\r\n\r\n    @media (max-width:992px) {\r\n        .header_14_2 .col-top {\r\n            padding: 100px 0;\r\n        }\r\n    }\r\n\r\n    @media (max-width: 768px) {\r\n        .header_14_2 .col-top {\r\n            padding: 90px 0;\r\n        }\r\n\r\n        .header_14_2 .imagen {\r\n            max-height: 300px;\r\n        }\r\n\r\n        .header_14_2 .col-top h1 {\r\n            line-height: var(--tamano3-line-height);\r\n        }\r\n    }\r\n\r\n    @media (max-width:400px) {\r\n        .header_14_2 .row {\r\n            margin: 0;\r\n        }\r\n    }\r\n<\/style>\r\n\n\n<section class=\"contact_form_curvy1_6_1 background-1-light\" id=\"1946\" data-block-id=\"69d2fded97df569d2fded97df6\" data-block-name=\"acf\/contacto-form-curvy1-6-1\" data-post-id=\"448\" data-stable-id=\"block_75c93b2bfdad07f571a4cd5b82ff4d25\">\r\n    <div class=\"container\">\r\n        <div class=\"row\">\r\n            <div class=\"col\">\r\n                                                <h2 class=\"tamano2 color-1-headings-dark\">Formulario<\/h2>\r\n                                                <div class=\"formulario\">\r\n                                        \n<div class=\"wpcf7 no-js\" id=\"wpcf7-f1946-o1\" lang=\"fr-FR\" dir=\"ltr\" data-wpcf7-id=\"1946\">\n<div class=\"screen-reader-response\"><p role=\"status\" aria-live=\"polite\" aria-atomic=\"true\"><\/p> <ul><\/ul><\/div>\n<form action=\"\/fr\/wp-json\/wp\/v2\/pages\/448#wpcf7-f1946-o1\" method=\"post\" class=\"wpcf7-form init\" aria-label=\"Formulaire de contact\" novalidate=\"novalidate\" data-status=\"init\">\n<fieldset class=\"hidden-fields-container\"><input type=\"hidden\" name=\"_wpcf7\" value=\"1946\" \/><input type=\"hidden\" name=\"_wpcf7_version\" value=\"6.1.5\" \/><input type=\"hidden\" name=\"_wpcf7_locale\" value=\"fr_FR\" \/><input type=\"hidden\" name=\"_wpcf7_unit_tag\" value=\"wpcf7-f1946-o1\" \/><input type=\"hidden\" name=\"_wpcf7_container_post\" value=\"0\" \/><input type=\"hidden\" name=\"_wpcf7_posted_data_hash\" value=\"\" \/>\n<\/fieldset>\n<div class=\"formflex w100\">\n\t<p><label class=\"flot\"><span class=\"legend\">Nombre y Apellidos*<\/span><span class=\"wpcf7-form-control-wrap\" data-name=\"nombre\"><input size=\"40\" maxlength=\"400\" class=\"wpcf7-form-control wpcf7-text wpcf7-validates-as-required\" aria-required=\"true\" aria-invalid=\"false\" value=\"\" type=\"text\" name=\"nombre\" \/><\/span><\/label>\n\t<\/p>\n<\/div>\n<div class=\"formflex w50\">\n\t<p><label class=\"flot\"><span class=\"legend\">Email*<\/span><span class=\"wpcf7-form-control-wrap\" data-name=\"email\"><input size=\"40\" maxlength=\"400\" class=\"wpcf7-form-control wpcf7-email wpcf7-validates-as-required wpcf7-text wpcf7-validates-as-email\" aria-required=\"true\" aria-invalid=\"false\" value=\"\" type=\"email\" name=\"email\" \/><\/span><\/label><label class=\"flot\"><span            class=\"legend\">Tel\u00e9fono<\/span><span class=\"wpcf7-form-control-wrap\" data-name=\"tel-355\"><input size=\"40\" maxlength=\"400\" class=\"wpcf7-form-control wpcf7-tel wpcf7-validates-as-required wpcf7-text wpcf7-validates-as-tel\" aria-required=\"true\" aria-invalid=\"false\" value=\"\" type=\"tel\" name=\"tel-355\" \/><\/span><\/label>\n\t<\/p>\n<\/div>\n<div class=\"formflex w100\">\n\t<p><label class=\"flot\"><span class=\"legend\">Asunto*<\/span><span class=\"wpcf7-form-control-wrap\" data-name=\"asunto\"><input size=\"40\" maxlength=\"400\" class=\"wpcf7-form-control wpcf7-text wpcf7-validates-as-required\" aria-required=\"true\" aria-invalid=\"false\" value=\"\" type=\"text\" name=\"asunto\" \/><\/span><\/label>\n\t<\/p>\n<\/div>\n<div class=\"formflex w100\">\n\t<p><label class=\"flot\"><span class=\"legend\">Mensaje*<\/span><span class=\"wpcf7-form-control-wrap\" data-name=\"mensaje\"><textarea cols=\"40\" rows=\"10\" maxlength=\"2000\" class=\"wpcf7-form-control wpcf7-textarea wpcf7-validates-as-required\" aria-required=\"true\" aria-invalid=\"false\" name=\"mensaje\"><\/textarea><\/span><\/label>\n\t<\/p>\n<\/div>\n<div class=\"aceptacion\">\n\t<div class=\"left\">\n\t\t<p><span class=\"wpcf7-form-control-wrap\" data-name=\"privacidad\"><span class=\"wpcf7-form-control wpcf7-acceptance\"><span class=\"wpcf7-list-item\"><label><input type=\"checkbox\" name=\"privacidad\" value=\"1\" aria-invalid=\"false\" \/><span class=\"wpcf7-list-item-label\">He le\u00eddo y acepto los t\u00e9rminos legales<\/span><\/label><\/span><\/span><\/span><br \/>\n<span class=\"wpcf7-form-control-wrap\" data-name=\"publicidad\"><span class=\"wpcf7-form-control wpcf7-acceptance optional\"><span class=\"wpcf7-list-item\"><label><input type=\"checkbox\" name=\"publicidad\" value=\"1\" aria-invalid=\"false\" \/><span class=\"wpcf7-list-item-label\">Acepto recibir comunicaciones y novedades<\/span><\/label><\/span><\/span><\/span>\n\t\t<\/p>\n\t<\/div>\n\t<div class=\"right\">\n\t\t<p><div class=\"capjs-container wpcf7-form-control-wrap\" data-name=\"cap-token\">\r\n                <cap-widget id=\"cap-widget\" data-cap-api-endpoint=\"https:\/\/natestanga.com\/wp-json\/cap\/v1\/\"><\/cap-widget>\r\n            <\/div><input class=\"wpcf7-form-control wpcf7-submit has-spinner\" type=\"submit\" value=\"Enviar\" \/>\n\t\t<\/p>\n\t<\/div>\n<\/div><div class=\"wpcf7-response-output\" aria-hidden=\"true\"><\/div>\n<\/form>\n<\/div>\n                <\/div>\r\n\r\n                <div class=\"flotante\">\r\n                    <div class=\"dato\">\r\n                        <div class=\"titulo-telefono color-1-headings-dark tamano-7-mediumcta\">\r\n                            T\u00e9l\u00e9phone                        <\/div>\r\n                        <a class=\"boton-4-texto-hover boton-4-texto-normal tamano-7-mediumcta\"\r\n                            href=\"tel:641292059\">641292059<\/a>\r\n                    <\/div>\r\n                    <div class=\"email\">\r\n                        <div class=\"titulo-telefono color-1-headings-dark tamano-7-mediumcta\">\r\n                            E-mail                        <\/div>\r\n                        <a class=\"boton-4-texto-hover boton-4-texto-normal tamano-7-mediumcta\"\r\n                            href=\"mailto:momentartgallery@gmail.com\">momentartgallery@gmail.com<\/a>\r\n                    <\/div>\r\n                    <div class=\"redes\">\r\n                                                <div class=\"titulo-telefono color-1-headings-dark tamano-7-mediumcta\">\r\n                            Nos r\u00e9seaux sociaux                        <\/div>\r\n                        <div class=\"redescont\">\r\n                                                                                        <a class=\"color-boton-1-hover color-boton-1-normal color-boton-1-texto-normal\"\r\n                                    href=\"https:\/\/www.instagram.com\/natashaestanga\/\" target=\"_blank\">\r\n                                                                                                                    <svg fill=\"currentColor\"  xmlns=\"http:\/\/www.w3.org\/2000\/svg\" viewBox=\"0 0 448 512\"><!--! Font Awesome Pro 6.7.2 by @fontawesome - https:\/\/fontawesome.com License - https:\/\/fontawesome.com\/license (Commercial License) Copyright 2024 Fonticons, Inc. --><path d=\"M224.1 141c-63.6 0-114.9 51.3-114.9 114.9s51.3 114.9 114.9 114.9S339 319.5 339 255.9 287.7 141 224.1 141zm0 189.6c-41.1 0-74.7-33.5-74.7-74.7s33.5-74.7 74.7-74.7 74.7 33.5 74.7 74.7-33.6 74.7-74.7 74.7zm146.4-194.3c0 14.9-12 26.8-26.8 26.8-14.9 0-26.8-12-26.8-26.8s12-26.8 26.8-26.8 26.8 12 26.8 26.8zm76.1 27.2c-1.7-35.9-9.9-67.7-36.2-93.9-26.2-26.2-58-34.4-93.9-36.2-37-2.1-147.9-2.1-184.9 0-35.8 1.7-67.6 9.9-93.9 36.1s-34.4 58-36.2 93.9c-2.1 37-2.1 147.9 0 184.9 1.7 35.9 9.9 67.7 36.2 93.9s58 34.4 93.9 36.2c37 2.1 147.9 2.1 184.9 0 35.9-1.7 67.7-9.9 93.9-36.2 26.2-26.2 34.4-58 36.2-93.9 2.1-37 2.1-147.8 0-184.8zM398.8 388c-7.8 19.6-22.9 34.7-42.6 42.6-29.5 11.7-99.5 9-132.1 9s-102.7 2.6-132.1-9c-19.6-7.8-34.7-22.9-42.6-42.6-11.7-29.5-9-99.5-9-132.1s-2.6-102.7 9-132.1c7.8-19.6 22.9-34.7 42.6-42.6 29.5-11.7 99.5-9 132.1-9s102.7-2.6 132.1 9c19.6 7.8 34.7 22.9 42.6 42.6 11.7 29.5 9 99.5 9 132.1s2.7 102.7-9 132.1z\"\/><\/svg>                                                                                                            <\/a>\r\n                                                                                                                                                                                                                                                                                                                                                    <a class=\"color-boton-1-hover color-boton-1-normal color-boton-1-texto-normal\"\r\n                                    href=\"mailto:momentartgallery@gmail.com\" target=\"_blank\">\r\n                                                                                                                    <svg fill=\"currentColor\"  xmlns=\"http:\/\/www.w3.org\/2000\/svg\" viewBox=\"0 0 512 512\"><!--! Font Awesome Pro 6.7.2 by @fontawesome - https:\/\/fontawesome.com License - https:\/\/fontawesome.com\/license (Commercial License) Copyright 2024 Fonticons, Inc. --><path d=\"M64 112c-8.8 0-16 7.2-16 16l0 22.1L220.5 291.7c20.7 17 50.4 17 71.1 0L464 150.1l0-22.1c0-8.8-7.2-16-16-16L64 112zM48 212.2L48 384c0 8.8 7.2 16 16 16l384 0c8.8 0 16-7.2 16-16l0-171.8L322 328.8c-38.4 31.5-93.7 31.5-132 0L48 212.2zM0 128C0 92.7 28.7 64 64 64l384 0c35.3 0 64 28.7 64 64l0 256c0 35.3-28.7 64-64 64L64 448c-35.3 0-64-28.7-64-64L0 128z\"\/><\/svg>                                                                                                            <\/a>\r\n                                                                                <\/div>\r\n                                            <\/div>\r\n                <\/div>\r\n            <\/div>\r\n        <\/div>\r\n    <\/div>\r\n<\/section>\r\n<style>\r\n    .contact_form_curvy1_6_1 .flotante {\r\n        display: none;\r\n        flex-direction: column;\r\n        gap: 19px;\r\n    }\r\n\r\n    .contact_form_curvy1_6_1 .flotante .redescont {\r\n        display: flex;\r\n        gap: 20px;\r\n        flex-wrap: wrap;\r\n        align-items: center;\r\n        padding-top: 15px;\r\n    }\r\n\r\n    .contact_form_curvy1_6_1 .flotante .redescont a {\r\n        width: 35px;\r\n        height: 35px;\r\n        border-radius: 50%;\r\n        display: flex;\r\n        align-items: center;\r\n        justify-content: center;\r\n    }\r\n\r\n    .contact_form_curvy1_6_1 .flotante .redescont a:hover svg path {\r\n        fill: var(--color-boton-2-texto-hover);\r\n    }\r\n\r\n    .contact_form_curvy1_6_1 .flotante .redescont a svg path {\r\n        transition: all ease .3s;\r\n    }\r\n\r\n    .contact_form_curvy1_6_1 .flotante .redescont a svg {\r\n        height: 20px;\r\n    }\r\n\r\n    .contact_form_curvy1_6_1 .flotante a {\r\n        text-decoration: none;\r\n    }\r\n\r\n    .contact_form_curvy1_6_1 .titulo_form {\r\n        padding-bottom: 45px;\r\n        text-align: center;\r\n    }\r\n\r\n    .contact_form_curvy1_6_1 .col {\r\n        max-width: 1230px;\r\n        margin: 0 auto;\r\n    }\r\n\r\n    .contact_form_curvy1_6_1 .subtitulo {\r\n        padding-bottom: 25px;\r\n        text-align: center;\r\n    }\r\n\r\n    .contact_form_curvy1_6_1 .texto {\r\n        padding-bottom: 80px;\r\n        text-align: center;\r\n        max-width: 895px;\r\n        margin: 0 auto;\r\n    }\r\n\r\n    .contact_form_curvy1_6_1 h2 {\r\n        padding-bottom: 25px;\r\n        text-align: center;\r\n    }\r\n\r\n    .contact_form_curvy1_6_1 .formulario label.flot .legend {\r\n        position: absolute;\r\n        top: 0;\r\n        transform: translateY(-50%);\r\n        left: 20px;\r\n        padding: 0 10px;\r\n        background: var(--background-1-light);\r\n        z-index: 1;\r\n    }\r\n\r\n    .contact_form_curvy1_6_1 .formulario .formflex {\r\n        margin-bottom: 25px;\r\n    }\r\n\r\n    .contact_form_curvy1_6_1 .formulario label.flot textarea,\r\n    .contact_form_curvy1_6_1 .formulario label.flot input {\r\n        background: transparent;\r\n        padding: 10px;\r\n        outline: none;\r\n        border: 1.5px solid var(--color-1-headings-dark);\r\n        width: 100%;\r\n        color: var(--color-1-headings-dark);\r\n        font-size: var(--tamano7-font-size);\r\n        font-weight: var(--tamano7-font-weight);\r\n        line-height: var(--tamano7-line-height);\r\n        border-radius: 5px;\r\n        letter-spacing: var(--tamano7-letter-spacing);\r\n        max-height: 108px;\r\n        font-family: var(--tamano7-font-family);\r\n    }\r\n\r\n     .contact_form_curvy1_6_1 .formulario .formflex.w50 p label {\r\n        width: 50%;\r\n    }\r\n\r\n    .contact_form_curvy1_6_1 .formulario .formflex.w50 p {\r\n        display: flex;\r\n        gap: 30px;\r\n    }\r\n\r\n    .contact_form_curvy1_6_1 .wpcf7 form .wpcf7-response-output {\r\n        font-size: var(--tamano8-font-size);\r\n        font-weight: var(--tamano8-font-weight);\r\n        line-height: var(--tamano8-line-height);\r\n        letter-spacing: var(--tamano8-letter-spacing);\r\n        font-family: var(--tamano8-font-family);\r\n        color: var(--color-1-headings-dark);\r\n    }\r\n\r\n    .contact_form_curvy1_6_1 .formulario label.flot {\r\n        font-size: var(--tamano8-font-size);\r\n        font-weight: var(--tamano8-font-weight);\r\n        line-height: var(--tamano8-line-height);\r\n        letter-spacing: var(--tamano8-letter-spacing);\r\n        font-family: var(--tamano8-font-family);\r\n        color: var(--color-1-headings-dark);\r\n        position: relative;\r\n        display: block;\r\n    }\r\n\r\n    \/*\r\n    .contact_form_curvy1_6_1 .wpcf7-submit:hover {\r\n        background-color: var(--color-boton-4-hover);\r\n        color: var(--color-boton-2-texto-hover);\r\n    }\r\n*\/\r\n    .contact_form_curvy1_6_1 .wpcf7-list-item label {\r\n        display: flex;\r\n        align-items: baseline;\r\n        gap: 10px;\r\n    }\r\n\r\n    .contact_form_curvy1_6_1 .aceptacion .wpcf7-list-item-label {\r\n        color: var(--color-1-headings-dark);\r\n        font-size: var(--tamano7-font-size);\r\n        font-weight: var(--tamano7-font-weight);\r\n        line-height: var(--tamano7-line-height);\r\n        letter-spacing: var(--tamano7-letter-spacing);\r\n        font-family: var(--tamano7-font-family);\r\n    }\r\n\r\n    .contact_form_curvy1_6_1 .aceptacion input:not(.wpcf7-submit) {\r\n        cursor: pointer;\r\n        background-color: transparent;\r\n        border-radius: 3px;\r\n        position: relative;\r\n        width: 15px;\r\n        height: 15px;\r\n        appearance: none;\r\n        border: 1.5px solid var(--color-1-headings-dark);\r\n    }\r\n\r\n    .contact_form_curvy1_6_1 .wpcf7-list-item :checked {\r\n        background-image: url(\"data:image\/svg+xml,%3csvg viewBox='0 0 16 16' fill='black' xmlns='http:\/\/www.w3.org\/2000\/svg'%3e%3cpath d='M12.207 4.793a1 1 0 010 1.414l-5 5a1 1 0 01-1.414 0l-2-2a1 1 0 011.414-1.414L6.5 9.086l4.293-4.293a1 1 0 011.414 0z'\/%3e%3c\/svg%3e\");\r\n    }\r\n\r\n    .contact_form_curvy1_6_1 textarea::placeholder,\r\n    .contact_form_curvy1_6_1 input::placeholder {\r\n        color: inherit;\r\n        font-size: inherit;\r\n        font-weight: inherit;\r\n        line-height: inherit;\r\n        letter-spacing: inherit;\r\n        font-family: inherit;\r\n    }\r\n\r\n    .contact_form_curvy1_6_1 .wpcf7-list-item {\r\n        margin: 0;\r\n    }\r\n\r\n    .contact_form_curvy1_6_1 .wpcf7-submit {\r\n        border: none;\r\n        background: var(--color-boton-2-normal);\r\n        transition: all ease .3s;\r\n        border-radius: 60px;\r\n        color: var(--color-boton-2-texto-normal);\r\n        height: 51px;\r\n        display: flex;\r\n        align-items: center;\r\n        justify-content: center;\r\n        margin: 0 auto;\r\n        width: 210px;\r\n        font-size: var(--tamano6-boldcta-font-size);\r\n        font-weight: var(--tamano6-boldcta-font-weight);\r\n        line-height: var(--tamano6-boldcta-line-height);\r\n        letter-spacing: var(--tamano6-boldcta-letter-spacing);\r\n        font-family: var(--tamano6-boldcta-font-family);\r\n    }\r\n\r\n     .contact_form_curvy1_6_1 .wpcf7-spinner {\r\n        position: absolute;\r\n    }\r\n\r\n    .contact_form_curvy1_6_1 .aceptacion {\r\n        display: flex;\r\n        gap: 20px;\r\n        justify-content: space-between;\r\n        flex-wrap: wrap;\r\n        flex-direction: column;\r\n    }\r\n\r\n    .contact_form_curvy1_6_1 {\r\n        overflow: hidden;\r\n        padding: 200px 0 100px 0;\r\n    }\r\n\r\n    @media (max-width:1200px) {\r\n        .contact_form_curvy1_6_1 .formulario label.flot {\r\n            font-size: var(--tamano8-font-size-tablet);\r\n        }\r\n\r\n        .contact_form_curvy1_6_1 .aceptacion .wpcf7-list-item-label,\r\n        .contact_form_curvy1_6_1 .formulario label.flot textarea,\r\n        .contact_form_curvy1_6_1 .formulario label.flot input {\r\n            font-size: var(--tamano7-font-size-tablet);\r\n        }\r\n    }\r\n\r\n    @media (max-width:992px) {\r\n        .contact_form_curvy1_6_1 {\r\n            overflow: hidden;\r\n            padding: 120px 0 40px 0px;\r\n        }\r\n    }\r\n\r\n    @media (max-width:768px) {\r\n        .contact_form_curvy1_6_1 .formulario .formflex.w50 p label {\r\n            width: 100%;\r\n        }\r\n\r\n        .contact_form_curvy1_6_1 .formulario .formflex.w50 p {\r\n            flex-direction: column;\r\n        }\r\n\r\n        .contact_form_curvy1_6_1 .aceptacion .wpcf7-list-item-label {\r\n            font-size: calc(var(--tamano7-font-size-mobile) - 4px);\r\n        }\r\n\r\n        .contact_form_curvy1_6_1 .formulario label.flot textarea,\r\n        .contact_form_curvy1_6_1 .formulario label.flot input {\r\n            font-size: calc(var(--tamano7-font-size-mobile) - 2px);\r\n            font-weight: 600;\r\n            padding-left: 25px;\r\n        }\r\n\r\n        .contact_form_curvy1_6_1 .formulario label.flot .legend {\r\n            left: 15px;\r\n        }\r\n\r\n        .contact_form_curvy1_6_1 .formulario label.flot {\r\n            font-size: var(--tamano8-font-size-mobile);\r\n        }\r\n\r\n        .contact_form_curvy1_6_1 {\r\n            padding: 40px 0;\r\n        }\r\n\r\n        .contact_form_curvy1_6_1 h2 {\r\n            line-height: var(--tamano4-line-height);\r\n            padding-bottom: 48px;\r\n        }\r\n\r\n        .contact_form_curvy1_6_1 .subtitulo {\r\n            padding-bottom: 15px;\r\n        }\r\n\r\n        .contact_form_curvy1_6_1 .texto {\r\n            padding-bottom: 50px;\r\n        }\r\n\r\n        .contact_form_curvy1_6_1 .wpcf7-submit {\r\n            font-size: calc(var(--tamano7-font-size-mobile) - 2px);\r\n            max-width: 131px;\r\n        }\r\n\r\n        .contact_form_curvy1_6_1 .flotante {\r\n            display: flex;\r\n            margin-top: 50px;\r\n        }\r\n    }\r\n<\/style>\r\n","protected":false},"excerpt":{"rendered":"","protected":false},"author":2,"featured_media":0,"parent":0,"menu_order":0,"comment_status":"open","ping_status":"closed","template":"","meta":{"_acf_changed":false,"iawp_total_views":4,"footnotes":""},"class_list":["post-448","page","type-page","status-publish","hentry"],"acf":[],"yoast_head":"<!-- This site is optimized with the Yoast SEO plugin v27.3 - https:\/\/yoast.com\/product\/yoast-seo-wordpress\/ -->\n<title>Contacto | Portal Web Natasha Estanga<\/title>\n<meta name=\"description\" content=\"Cont\u00e1ctanos para descubrir las \u00faltimas innovaciones art\u00edsticas de Natasha Estanga y su t\u00e9cnica de Oleo Bitto.\" \/>\n<meta name=\"robots\" content=\"index, follow, max-snippet:-1, max-image-preview:large, max-video-preview:-1\" \/>\n<link rel=\"canonical\" href=\"https:\/\/natestanga.com\/fr\/contacto\/\" \/>\n<meta property=\"og:locale\" content=\"fr_FR\" \/>\n<meta property=\"og:type\" content=\"article\" \/>\n<meta property=\"og:title\" content=\"Contacto | Portal Web Natasha Estanga\" \/>\n<meta property=\"og:description\" content=\"Cont\u00e1ctanos para descubrir las \u00faltimas innovaciones art\u00edsticas de Natasha Estanga y su t\u00e9cnica de Oleo Bitto.\" \/>\n<meta property=\"og:url\" content=\"https:\/\/natestanga.com\/fr\/contacto\/\" \/>\n<meta property=\"og:site_name\" content=\"Portal Web Natasha Estanga\" \/>\n<meta property=\"article:modified_time\" content=\"2026-02-10T10:55:34+00:00\" \/>\n<meta name=\"twitter:card\" content=\"summary_large_image\" \/>\n<!-- \/ Yoast SEO plugin. -->","yoast_head_json":{"title":"Contacto | Portal Web Natasha Estanga","description":"Cont\u00e1ctanos para descubrir las \u00faltimas innovaciones art\u00edsticas de Natasha Estanga y su t\u00e9cnica de Oleo Bitto.","robots":{"index":"index","follow":"follow","max-snippet":"max-snippet:-1","max-image-preview":"max-image-preview:large","max-video-preview":"max-video-preview:-1"},"canonical":"https:\/\/natestanga.com\/fr\/contacto\/","og_locale":"fr_FR","og_type":"article","og_title":"Contacto | Portal Web Natasha Estanga","og_description":"Cont\u00e1ctanos para descubrir las \u00faltimas innovaciones art\u00edsticas de Natasha Estanga y su t\u00e9cnica de Oleo Bitto.","og_url":"https:\/\/natestanga.com\/fr\/contacto\/","og_site_name":"Portal Web Natasha Estanga","article_modified_time":"2026-02-10T10:55:34+00:00","twitter_card":"summary_large_image","schema":{"@context":"https:\/\/schema.org","@graph":[{"@type":"WebPage","@id":"https:\/\/natestanga.com\/fr\/contacto\/","url":"https:\/\/natestanga.com\/fr\/contacto\/","name":"Contacto | Portal Web Natasha Estanga","isPartOf":{"@id":"https:\/\/natestanga.com\/fr\/#website"},"datePublished":"2024-07-08T18:25:25+00:00","dateModified":"2026-02-10T10:55:34+00:00","description":"Cont\u00e1ctanos para descubrir las \u00faltimas innovaciones art\u00edsticas de Natasha Estanga y su t\u00e9cnica de Oleo Bitto.","breadcrumb":{"@id":"https:\/\/natestanga.com\/fr\/contacto\/#breadcrumb"},"inLanguage":"fr-FR","potentialAction":[{"@type":"ReadAction","target":["https:\/\/natestanga.com\/fr\/contacto\/"]}]},{"@type":"BreadcrumbList","@id":"https:\/\/natestanga.com\/fr\/contacto\/#breadcrumb","itemListElement":[{"@type":"ListItem","position":1,"name":"Portada","item":"https:\/\/natestanga.com\/fr\/"},{"@type":"ListItem","position":2,"name":"Contacto"}]},{"@type":"WebSite","@id":"https:\/\/natestanga.com\/fr\/#website","url":"https:\/\/natestanga.com\/fr\/","name":"Portal Web Natasha Estanga","description":"","publisher":{"@id":"https:\/\/natestanga.com\/fr\/#organization"},"potentialAction":[{"@type":"SearchAction","target":{"@type":"EntryPoint","urlTemplate":"https:\/\/natestanga.com\/fr\/?s={search_term_string}"},"query-input":{"@type":"PropertyValueSpecification","valueRequired":true,"valueName":"search_term_string"}}],"inLanguage":"fr-FR"},{"@type":"Organization","@id":"https:\/\/natestanga.com\/fr\/#organization","name":"Portal Web Natasha Estanga","url":"https:\/\/natestanga.com\/fr\/","logo":{"@type":"ImageObject","inLanguage":"fr-FR","@id":"https:\/\/natestanga.com\/fr\/#\/schema\/logo\/image\/","url":"https:\/\/natestanga.com\/wp-content\/uploads\/2024\/07\/668bff64ab8ff_firma-natasha-estanga.png","contentUrl":"https:\/\/natestanga.com\/wp-content\/uploads\/2024\/07\/668bff64ab8ff_firma-natasha-estanga.png","width":1523,"height":665,"caption":"Portal Web Natasha Estanga"},"image":{"@id":"https:\/\/natestanga.com\/fr\/#\/schema\/logo\/image\/"}}]}},"_links":{"self":[{"href":"https:\/\/natestanga.com\/fr\/wp-json\/wp\/v2\/pages\/448","targetHints":{"allow":["GET"]}}],"collection":[{"href":"https:\/\/natestanga.com\/fr\/wp-json\/wp\/v2\/pages"}],"about":[{"href":"https:\/\/natestanga.com\/fr\/wp-json\/wp\/v2\/types\/page"}],"author":[{"embeddable":true,"href":"https:\/\/natestanga.com\/fr\/wp-json\/wp\/v2\/users\/2"}],"replies":[{"embeddable":true,"href":"https:\/\/natestanga.com\/fr\/wp-json\/wp\/v2\/comments?post=448"}],"version-history":[{"count":9,"href":"https:\/\/natestanga.com\/fr\/wp-json\/wp\/v2\/pages\/448\/revisions"}],"predecessor-version":[{"id":1750,"href":"https:\/\/natestanga.com\/fr\/wp-json\/wp\/v2\/pages\/448\/revisions\/1750"}],"wp:attachment":[{"href":"https:\/\/natestanga.com\/fr\/wp-json\/wp\/v2\/media?parent=448"}],"curies":[{"name":"wp","href":"https:\/\/api.w.org\/{rel}","templated":true}]}}