{"id":367,"date":"2024-07-08T18:30:06","date_gmt":"2024-07-08T18:30:06","guid":{"rendered":"https:\/\/natashaestanga.art\/producto\/crisol-de-colores\/"},"modified":"2025-04-24T17:55:34","modified_gmt":"2025-04-24T17:55:34","slug":"crisol-de-colores","status":"publish","type":"product","link":"https:\/\/natestanga.com\/fr\/producto\/crisol-de-colores\/","title":{"rendered":"Crisol de Colores"},"content":{"rendered":"","protected":false},"excerpt":{"rendered":"<p>Lorem ipsum dolor sit amet, consectetur adipiscing elit. Sed do eiusmod tempor incididunt ut labore et dolore magna aliqua.<\/p>\n","protected":false},"featured_media":368,"comment_status":"open","ping_status":"closed","template":"","meta":{"_acf_changed":false,"iawp_total_views":2},"marca":[44,35],"product_brand":[],"product_cat":[33,43],"product_tag":[37,38,39],"class_list":{"0":"post-367","1":"product","2":"type-product","3":"status-publish","4":"has-post-thumbnail","6":"marca-exclusivo","7":"marca-natasha-estanga","8":"product_cat-arte","9":"product_cat-pintura","10":"product_tag-tag1","11":"product_tag-tag2","12":"product_tag-tag3","14":"first","15":"instock","16":"sale","17":"shipping-taxable","18":"purchasable","19":"product-type-simple"},"acf":[],"yoast_head":"<!-- This site is optimized with the Yoast SEO plugin v27.3 - https:\/\/yoast.com\/product\/yoast-seo-wordpress\/ -->\n<title>Crisol de Colores - 50% Desc. en Portal Web Natasha Estanga<\/title>\n<meta name=\"description\" content=\"Adquiere &#039;Crisol de Colores&#039;, una obra maestra en \u00d3leo Bitto, ahora a solo 269,50 \u20ac. Env\u00edo gratis y 100 d\u00edas de devoluci\u00f3n. \u00a1Compra ahora!\" \/>\n<meta name=\"robots\" content=\"index, follow, max-snippet:-1, max-image-preview:large, max-video-preview:-1\" \/>\n<link rel=\"canonical\" href=\"https:\/\/natestanga.com\/fr\/producto\/crisol-de-colores\/\" \/>\n<meta property=\"og:locale\" content=\"fr_FR\" \/>\n<meta property=\"og:type\" content=\"article\" \/>\n<meta property=\"og:title\" content=\"Crisol de Colores - 50% Desc. en Portal Web Natasha Estanga\" \/>\n<meta property=\"og:description\" content=\"Adquiere &#039;Crisol de Colores&#039;, una obra maestra en \u00d3leo Bitto, ahora a solo 269,50 \u20ac. Env\u00edo gratis y 100 d\u00edas de devoluci\u00f3n. \u00a1Compra ahora!\" \/>\n<meta property=\"og:url\" content=\"https:\/\/natestanga.com\/fr\/producto\/crisol-de-colores\/\" \/>\n<meta property=\"og:site_name\" content=\"Portal Web Natasha Estanga\" \/>\n<meta property=\"article:modified_time\" content=\"2025-04-24T17:55:34+00:00\" \/>\n<meta property=\"og:image\" content=\"https:\/\/natestanga.com\/wp-content\/uploads\/2024\/07\/Default_Imagen_que_muestra_una_obra_de_arte_titulada_Crisol_de_0-1024x832.jpg\" \/>\n\t<meta property=\"og:image:width\" content=\"1024\" \/>\n\t<meta property=\"og:image:height\" content=\"832\" \/>\n\t<meta property=\"og:image:type\" content=\"image\/jpeg\" \/>\n<meta name=\"twitter:card\" content=\"summary_large_image\" \/>\n<!-- \/ Yoast SEO plugin. -->","yoast_head_json":{"title":"Crisol de Colores - 50% Desc. en Portal Web Natasha Estanga","description":"Adquiere 'Crisol de Colores', una obra maestra en \u00d3leo Bitto, ahora a solo 269,50 \u20ac. Env\u00edo gratis y 100 d\u00edas de devoluci\u00f3n. \u00a1Compra ahora!","robots":{"index":"index","follow":"follow","max-snippet":"max-snippet:-1","max-image-preview":"max-image-preview:large","max-video-preview":"max-video-preview:-1"},"canonical":"https:\/\/natestanga.com\/fr\/producto\/crisol-de-colores\/","og_locale":"fr_FR","og_type":"article","og_title":"Crisol de Colores - 50% Desc. en Portal Web Natasha Estanga","og_description":"Adquiere 'Crisol de Colores', una obra maestra en \u00d3leo Bitto, ahora a solo 269,50 \u20ac. Env\u00edo gratis y 100 d\u00edas de devoluci\u00f3n. \u00a1Compra ahora!","og_url":"https:\/\/natestanga.com\/fr\/producto\/crisol-de-colores\/","og_site_name":"Portal Web Natasha Estanga","article_modified_time":"2025-04-24T17:55:34+00:00","og_image":[{"width":1024,"height":832,"url":"https:\/\/natestanga.com\/wp-content\/uploads\/2024\/07\/Default_Imagen_que_muestra_una_obra_de_arte_titulada_Crisol_de_0-1024x832.jpg","type":"image\/jpeg"}],"twitter_card":"summary_large_image","schema":{"@context":"https:\/\/schema.org","@graph":[{"@type":"WebPage","@id":"https:\/\/natestanga.com\/fr\/producto\/crisol-de-colores\/","url":"https:\/\/natestanga.com\/fr\/producto\/crisol-de-colores\/","name":"Crisol de Colores - 50% Desc. en Portal Web Natasha Estanga","isPartOf":{"@id":"https:\/\/natestanga.com\/fr\/#website"},"primaryImageOfPage":{"@id":"https:\/\/natestanga.com\/fr\/producto\/crisol-de-colores\/#primaryimage"},"image":{"@id":"https:\/\/natestanga.com\/fr\/producto\/crisol-de-colores\/#primaryimage"},"thumbnailUrl":"https:\/\/natestanga.com\/wp-content\/uploads\/2024\/07\/Default_Imagen_que_muestra_una_obra_de_arte_titulada_Crisol_de_0.jpg","datePublished":"2024-07-08T18:30:06+00:00","dateModified":"2025-04-24T17:55:34+00:00","description":"Adquiere 'Crisol de Colores', una obra maestra en \u00d3leo Bitto, ahora a solo 269,50 \u20ac. Env\u00edo gratis y 100 d\u00edas de devoluci\u00f3n. \u00a1Compra ahora!","breadcrumb":{"@id":"https:\/\/natestanga.com\/fr\/producto\/crisol-de-colores\/#breadcrumb"},"inLanguage":"fr-FR","potentialAction":[{"@type":"ReadAction","target":["https:\/\/natestanga.com\/fr\/producto\/crisol-de-colores\/"]}]},{"@type":"ImageObject","inLanguage":"fr-FR","@id":"https:\/\/natestanga.com\/fr\/producto\/crisol-de-colores\/#primaryimage","url":"https:\/\/natestanga.com\/wp-content\/uploads\/2024\/07\/Default_Imagen_que_muestra_una_obra_de_arte_titulada_Crisol_de_0.jpg","contentUrl":"https:\/\/natestanga.com\/wp-content\/uploads\/2024\/07\/Default_Imagen_que_muestra_una_obra_de_arte_titulada_Crisol_de_0.jpg","width":1792,"height":1456},{"@type":"BreadcrumbList","@id":"https:\/\/natestanga.com\/fr\/producto\/crisol-de-colores\/#breadcrumb","itemListElement":[{"@type":"ListItem","position":1,"name":"Portada","item":"https:\/\/natestanga.com\/fr\/"},{"@type":"ListItem","position":2,"name":"Tienda","item":"https:\/\/natestanga.com\/tienda\/"},{"@type":"ListItem","position":3,"name":"Crisol de Colores"}]},{"@type":"WebSite","@id":"https:\/\/natestanga.com\/fr\/#website","url":"https:\/\/natestanga.com\/fr\/","name":"Portal Web Natasha Estanga","description":"","publisher":{"@id":"https:\/\/natestanga.com\/fr\/#organization"},"potentialAction":[{"@type":"SearchAction","target":{"@type":"EntryPoint","urlTemplate":"https:\/\/natestanga.com\/fr\/?s={search_term_string}"},"query-input":{"@type":"PropertyValueSpecification","valueRequired":true,"valueName":"search_term_string"}}],"inLanguage":"fr-FR"},{"@type":"Organization","@id":"https:\/\/natestanga.com\/fr\/#organization","name":"Portal Web Natasha Estanga","url":"https:\/\/natestanga.com\/fr\/","logo":{"@type":"ImageObject","inLanguage":"fr-FR","@id":"https:\/\/natestanga.com\/fr\/#\/schema\/logo\/image\/","url":"https:\/\/natestanga.com\/wp-content\/uploads\/2024\/07\/668bff64ab8ff_firma-natasha-estanga.png","contentUrl":"https:\/\/natestanga.com\/wp-content\/uploads\/2024\/07\/668bff64ab8ff_firma-natasha-estanga.png","width":1523,"height":665,"caption":"Portal Web Natasha Estanga"},"image":{"@id":"https:\/\/natestanga.com\/fr\/#\/schema\/logo\/image\/"}}]}},"_links":{"self":[{"href":"https:\/\/natestanga.com\/fr\/wp-json\/wp\/v2\/product\/367","targetHints":{"allow":["GET"]}}],"collection":[{"href":"https:\/\/natestanga.com\/fr\/wp-json\/wp\/v2\/product"}],"about":[{"href":"https:\/\/natestanga.com\/fr\/wp-json\/wp\/v2\/types\/product"}],"replies":[{"embeddable":true,"href":"https:\/\/natestanga.com\/fr\/wp-json\/wp\/v2\/comments?post=367"}],"wp:featuredmedia":[{"embeddable":true,"href":"https:\/\/natestanga.com\/fr\/wp-json\/wp\/v2\/media\/368"}],"wp:attachment":[{"href":"https:\/\/natestanga.com\/fr\/wp-json\/wp\/v2\/media?parent=367"}],"wp:term":[{"taxonomy":"marca","embeddable":true,"href":"https:\/\/natestanga.com\/fr\/wp-json\/wp\/v2\/marca?post=367"},{"taxonomy":"product_brand","embeddable":true,"href":"https:\/\/natestanga.com\/fr\/wp-json\/wp\/v2\/product_brand?post=367"},{"taxonomy":"product_cat","embeddable":true,"href":"https:\/\/natestanga.com\/fr\/wp-json\/wp\/v2\/product_cat?post=367"},{"taxonomy":"product_tag","embeddable":true,"href":"https:\/\/natestanga.com\/fr\/wp-json\/wp\/v2\/product_tag?post=367"}],"curies":[{"name":"wp","href":"https:\/\/api.w.org\/{rel}","templated":true}]}}