{"id":392,"date":"2024-07-08T18:33:36","date_gmt":"2024-07-08T18:33:36","guid":{"rendered":"https:\/\/natashaestanga.art\/producto\/harmonia-en-oleos-vibrantes\/"},"modified":"2025-04-24T17:54:58","modified_gmt":"2025-04-24T17:54:58","slug":"harmonia-en-oleos-vibrantes","status":"publish","type":"product","link":"https:\/\/natestanga.com\/fr\/producto\/harmonia-en-oleos-vibrantes\/","title":{"rendered":"Harmonia en Oleos Vibrantes"},"content":{"rendered":"","protected":false},"excerpt":{"rendered":"<p>Lorem ipsum dolor sit amet, consectetur adipiscing elit. Sed do eiusmod tempor incididunt ut labore et dolore magna aliqua.<\/p>\n","protected":false},"featured_media":393,"comment_status":"open","ping_status":"closed","template":"","meta":{"_acf_changed":false,"iawp_total_views":147},"marca":[35,36],"product_brand":[],"product_cat":[33,40],"product_tag":[37,38,39],"class_list":{"0":"post-392","1":"product","2":"type-product","3":"status-publish","4":"has-post-thumbnail","6":"marca-natasha-estanga","7":"marca-oleo-bitto","8":"product_cat-arte","9":"product_cat-decoracion","10":"product_tag-tag1","11":"product_tag-tag2","12":"product_tag-tag3","14":"first","15":"instock","16":"sale","17":"shipping-taxable","18":"purchasable","19":"product-type-simple"},"acf":[],"yoast_head":"<!-- This site is optimized with the Yoast SEO plugin v27.3 - https:\/\/yoast.com\/product\/yoast-seo-wordpress\/ -->\n<title>Harmon\u00eda en \u00d3leos Vibrantes - Natasha Estanga<\/title>\n<meta name=\"description\" content=\"Descubre &#039;Harmon\u00eda en \u00d3leos Vibrantes&#039;: una obra \u00fanica y colorida de Natasha Estanga, ahora con un gran descuento y env\u00edo gratis por tiempo limitado.\" \/>\n<meta name=\"robots\" content=\"index, follow, max-snippet:-1, max-image-preview:large, max-video-preview:-1\" \/>\n<link rel=\"canonical\" href=\"https:\/\/natestanga.com\/fr\/producto\/harmonia-en-oleos-vibrantes\/\" \/>\n<meta property=\"og:locale\" content=\"fr_FR\" \/>\n<meta property=\"og:type\" content=\"article\" \/>\n<meta property=\"og:title\" content=\"Harmon\u00eda en \u00d3leos Vibrantes - Natasha Estanga\" \/>\n<meta property=\"og:description\" content=\"Descubre &#039;Harmon\u00eda en \u00d3leos Vibrantes&#039;: una obra \u00fanica y colorida de Natasha Estanga, ahora con un gran descuento y env\u00edo gratis por tiempo limitado.\" \/>\n<meta property=\"og:url\" content=\"https:\/\/natestanga.com\/fr\/producto\/harmonia-en-oleos-vibrantes\/\" \/>\n<meta property=\"og:site_name\" content=\"Portal Web Natasha Estanga\" \/>\n<meta property=\"article:modified_time\" content=\"2025-04-24T17:54:58+00:00\" \/>\n<meta property=\"og:image\" content=\"https:\/\/natestanga.com\/wp-content\/uploads\/2024\/07\/Default_Un_leo_abstracto_sobrio_y_neutro_que_utiliza_la_tcnica_0.jpg\" \/>\n\t<meta property=\"og:image:width\" content=\"1792\" \/>\n\t<meta property=\"og:image:height\" content=\"1456\" \/>\n\t<meta property=\"og:image:type\" content=\"image\/jpeg\" \/>\n<meta name=\"twitter:card\" content=\"summary_large_image\" \/>\n<!-- \/ Yoast SEO plugin. -->","yoast_head_json":{"title":"Harmon\u00eda en \u00d3leos Vibrantes - Natasha Estanga","description":"Descubre 'Harmon\u00eda en \u00d3leos Vibrantes': una obra \u00fanica y colorida de Natasha Estanga, ahora con un gran descuento y env\u00edo gratis por tiempo limitado.","robots":{"index":"index","follow":"follow","max-snippet":"max-snippet:-1","max-image-preview":"max-image-preview:large","max-video-preview":"max-video-preview:-1"},"canonical":"https:\/\/natestanga.com\/fr\/producto\/harmonia-en-oleos-vibrantes\/","og_locale":"fr_FR","og_type":"article","og_title":"Harmon\u00eda en \u00d3leos Vibrantes - Natasha Estanga","og_description":"Descubre 'Harmon\u00eda en \u00d3leos Vibrantes': una obra \u00fanica y colorida de Natasha Estanga, ahora con un gran descuento y env\u00edo gratis por tiempo limitado.","og_url":"https:\/\/natestanga.com\/fr\/producto\/harmonia-en-oleos-vibrantes\/","og_site_name":"Portal Web Natasha Estanga","article_modified_time":"2025-04-24T17:54:58+00:00","og_image":[{"width":1792,"height":1456,"url":"https:\/\/natestanga.com\/wp-content\/uploads\/2024\/07\/Default_Un_leo_abstracto_sobrio_y_neutro_que_utiliza_la_tcnica_0.jpg","type":"image\/jpeg"}],"twitter_card":"summary_large_image","schema":{"@context":"https:\/\/schema.org","@graph":[{"@type":"WebPage","@id":"https:\/\/natestanga.com\/fr\/producto\/harmonia-en-oleos-vibrantes\/","url":"https:\/\/natestanga.com\/fr\/producto\/harmonia-en-oleos-vibrantes\/","name":"Harmon\u00eda en \u00d3leos Vibrantes - Natasha Estanga","isPartOf":{"@id":"https:\/\/natestanga.com\/fr\/#website"},"primaryImageOfPage":{"@id":"https:\/\/natestanga.com\/fr\/producto\/harmonia-en-oleos-vibrantes\/#primaryimage"},"image":{"@id":"https:\/\/natestanga.com\/fr\/producto\/harmonia-en-oleos-vibrantes\/#primaryimage"},"thumbnailUrl":"https:\/\/natestanga.com\/wp-content\/uploads\/2024\/07\/Default_Un_leo_abstracto_sobrio_y_neutro_que_utiliza_la_tcnica_0.jpg","datePublished":"2024-07-08T18:33:36+00:00","dateModified":"2025-04-24T17:54:58+00:00","description":"Descubre 'Harmon\u00eda en \u00d3leos Vibrantes': una obra \u00fanica y colorida de Natasha Estanga, ahora con un gran descuento y env\u00edo gratis por tiempo limitado.","breadcrumb":{"@id":"https:\/\/natestanga.com\/fr\/producto\/harmonia-en-oleos-vibrantes\/#breadcrumb"},"inLanguage":"fr-FR","potentialAction":[{"@type":"ReadAction","target":["https:\/\/natestanga.com\/fr\/producto\/harmonia-en-oleos-vibrantes\/"]}]},{"@type":"ImageObject","inLanguage":"fr-FR","@id":"https:\/\/natestanga.com\/fr\/producto\/harmonia-en-oleos-vibrantes\/#primaryimage","url":"https:\/\/natestanga.com\/wp-content\/uploads\/2024\/07\/Default_Un_leo_abstracto_sobrio_y_neutro_que_utiliza_la_tcnica_0.jpg","contentUrl":"https:\/\/natestanga.com\/wp-content\/uploads\/2024\/07\/Default_Un_leo_abstracto_sobrio_y_neutro_que_utiliza_la_tcnica_0.jpg","width":1792,"height":1456},{"@type":"BreadcrumbList","@id":"https:\/\/natestanga.com\/fr\/producto\/harmonia-en-oleos-vibrantes\/#breadcrumb","itemListElement":[{"@type":"ListItem","position":1,"name":"Portada","item":"https:\/\/natestanga.com\/fr\/"},{"@type":"ListItem","position":2,"name":"Tienda","item":"https:\/\/natestanga.com\/tienda\/"},{"@type":"ListItem","position":3,"name":"Harmonia en Oleos Vibrantes"}]},{"@type":"WebSite","@id":"https:\/\/natestanga.com\/fr\/#website","url":"https:\/\/natestanga.com\/fr\/","name":"Portal Web Natasha Estanga","description":"","publisher":{"@id":"https:\/\/natestanga.com\/fr\/#organization"},"potentialAction":[{"@type":"SearchAction","target":{"@type":"EntryPoint","urlTemplate":"https:\/\/natestanga.com\/fr\/?s={search_term_string}"},"query-input":{"@type":"PropertyValueSpecification","valueRequired":true,"valueName":"search_term_string"}}],"inLanguage":"fr-FR"},{"@type":"Organization","@id":"https:\/\/natestanga.com\/fr\/#organization","name":"Portal Web Natasha Estanga","url":"https:\/\/natestanga.com\/fr\/","logo":{"@type":"ImageObject","inLanguage":"fr-FR","@id":"https:\/\/natestanga.com\/fr\/#\/schema\/logo\/image\/","url":"https:\/\/natestanga.com\/wp-content\/uploads\/2024\/07\/668bff64ab8ff_firma-natasha-estanga.png","contentUrl":"https:\/\/natestanga.com\/wp-content\/uploads\/2024\/07\/668bff64ab8ff_firma-natasha-estanga.png","width":1523,"height":665,"caption":"Portal Web Natasha Estanga"},"image":{"@id":"https:\/\/natestanga.com\/fr\/#\/schema\/logo\/image\/"}}]}},"_links":{"self":[{"href":"https:\/\/natestanga.com\/fr\/wp-json\/wp\/v2\/product\/392","targetHints":{"allow":["GET"]}}],"collection":[{"href":"https:\/\/natestanga.com\/fr\/wp-json\/wp\/v2\/product"}],"about":[{"href":"https:\/\/natestanga.com\/fr\/wp-json\/wp\/v2\/types\/product"}],"replies":[{"embeddable":true,"href":"https:\/\/natestanga.com\/fr\/wp-json\/wp\/v2\/comments?post=392"}],"wp:featuredmedia":[{"embeddable":true,"href":"https:\/\/natestanga.com\/fr\/wp-json\/wp\/v2\/media\/393"}],"wp:attachment":[{"href":"https:\/\/natestanga.com\/fr\/wp-json\/wp\/v2\/media?parent=392"}],"wp:term":[{"taxonomy":"marca","embeddable":true,"href":"https:\/\/natestanga.com\/fr\/wp-json\/wp\/v2\/marca?post=392"},{"taxonomy":"product_brand","embeddable":true,"href":"https:\/\/natestanga.com\/fr\/wp-json\/wp\/v2\/product_brand?post=392"},{"taxonomy":"product_cat","embeddable":true,"href":"https:\/\/natestanga.com\/fr\/wp-json\/wp\/v2\/product_cat?post=392"},{"taxonomy":"product_tag","embeddable":true,"href":"https:\/\/natestanga.com\/fr\/wp-json\/wp\/v2\/product_tag?post=392"}],"curies":[{"name":"wp","href":"https:\/\/api.w.org\/{rel}","templated":true}]}}